{"id":236,"date":"2023-12-12T16:53:09","date_gmt":"2023-12-12T15:53:09","guid":{"rendered":"https:\/\/developerdays.eu\/berlin\/?page_id=236"},"modified":"2024-01-03T23:02:19","modified_gmt":"2024-01-03T22:02:19","slug":"contact","status":"publish","type":"page","link":"https:\/\/developerdays.eu\/berlin\/contact\/","title":{"rendered":"Contact"},"content":{"rendered":"<section class=\"l-section wpb_row us_custom_19737bc8 height_large\"><div class=\"l-section-h i-cf\"><div class=\"g-cols vc_row via_grid cols_1 laptops-cols_inherit tablets-cols_inherit mobiles-cols_1 valign_top type_default stacking_default\"><div class=\"wpb_column vc_column_container\"><div class=\"vc_column-inner\"><h2 class=\"w-post-elm post_title align_center entry-title color_link_inherit\">Contact<\/h2><\/div><\/div><\/div><\/div><\/section><section class=\"l-section wpb_row height_large\"><div class=\"l-section-h i-cf\"><div class=\"g-cols vc_row via_grid cols_2 laptops-cols_inherit tablets-cols_inherit mobiles-cols_1 valign_top type_default stacking_default\" style=\"--gap:58px;\"><div class=\"wpb_column vc_column_container\"><div class=\"vc_column-inner\"><div class=\"wpb_text_column us_custom_e28183d5\"><div class=\"wpb_wrapper\"><h4>Got a question ?<\/h4>\n<p>Our Team is here for you!<\/p>\n<\/div><\/div><div class=\"w-separator size_medium\"><\/div><form class=\"w-form  layout_ver for_cform us_form_1\" autocomplete=\"off\" action=\"https:\/\/developerdays.eu\/berlin\/berlin\/wp-json\/wp\/v2\/pages\/236\" method=\"post\"><div class=\"w-form-h\"><div class=\"w-form-row for_text required\">\r\n\t\t<div class=\"w-form-row-field\">\r\n\t\t\t\t\t\t<input aria-label=\"Name\" type=\"text\" name=\"us_form_1_text_1\" value placeholder=\"Name *\" data-required=\"true\" aria-required=\"true\"\/>\r\n\t\t\t<\/div>\r\n\t\t<div class=\"w-form-row-state\">Fill out this field<\/div>\r\n<\/div>\r\n<div class=\"w-form-row for_email required\">\r\n\t\t<div class=\"w-form-row-field\">\r\n\t\t\t\t\t\t<input aria-label=\"Email\" type=\"email\" name=\"us_form_1_email_1\" value placeholder=\"Email *\" data-required=\"true\" aria-required=\"true\"\/>\r\n\t\t\t<\/div>\r\n\t\t<div class=\"w-form-row-state\">Please enter a valid email address.<\/div>\r\n<\/div>\r\n<div class=\"w-form-row for_textarea required\">\r\n\t\t<div class=\"w-form-row-field\">\r\n\t\t\t\t\t\t<textarea aria-label=\"Text\" name=\"us_form_1_textarea_1\" placeholder=\"Text *\" data-required=\"true\" aria-required=\"true\"><\/textarea>\r\n\t\t\t<\/div>\r\n\t\t<div class=\"w-form-row-state\">Fill out this field<\/div>\r\n<\/div>\r\n<input type=\"hidden\" name=\"action\" value=\"us_ajax_cform\" \/>\r\n<input type=\"hidden\" name=\"post_id\" value=\"0\" \/>\r\n<input type=\"hidden\" name=\"form_index\" value=\"1\" \/>\r\n<div class=\"w-form-row for_submit align_center\">\r\n\t<button class=\"w-btn  us-btn-style_1\" aria-label=\"Submit\" type=\"submit\">\r\n\t\t<span class=\"g-preloader type_1\"><\/span>\r\n\t\t\t\t<span class=\"w-btn-label\">Submit<\/span>\r\n\t\t\t<\/button>\r\n\t<\/div>\r\n<\/div><div class=\"w-form-message\"><\/div><div class=\"w-form-json hidden\" onclick='return {&quot;ajaxurl&quot;:&quot;https:\\\/\\\/developerdays.eu\\\/berlin\\\/wp-admin\\\/admin-ajax.php&quot;,&quot;messages&quot;:{&quot;err_empty&quot;:&quot;Fill out this field&quot;,&quot;err_size&quot;:&quot;File size cannot exceed %s MB&quot;,&quot;err_extension&quot;:&quot;%s file type is not allowed&quot;}}'><\/div><\/form><\/div><\/div><div class=\"wpb_column vc_column_container\"><div class=\"vc_column-inner\"><div class=\"wpb_text_column us_custom_e28183d5\"><div class=\"wpb_wrapper\"><h4 class=\"gdlr-widget-title\">Before contacting us<\/h4>\n<\/div><\/div><div class=\"w-separator us_custom_e28183d5 size_custom\" style=\"height:0.7em\"><\/div><div class=\"wpb_text_column us_custom_e28183d5\"><div class=\"wpb_wrapper\"><div class=\"textwidget\">\n<p>Please read through the\u00a0<a href=\"https:\/\/developerdays.eu\/berlin\/faq\">FAQs site<\/a>\u00a0content before contacting us as we may have already answered your question.<\/p>\n<\/div>\n<\/div><\/div><div class=\"w-separator size_medium\"><\/div><div class=\"wpb_text_column us_custom_e28183d5\"><div class=\"wpb_wrapper\"><h4 class=\"gdlr-widget-title\">Contact information<\/h4>\n<\/div><\/div><div class=\"w-separator size_custom\" style=\"height:0.7em\"><\/div><div class=\"w-text us_custom_e28183d5 icon_atleft\"><a href=\"mailto:info@developerdays.eu\" class=\"w-text-h\"><i class=\"fas fa-fa fa-envelope\"><\/i><span class=\"w-text-value\">info@developerdays.eu<\/span><\/a><\/div><div class=\"w-separator size_custom\" style=\"height:0.5rem\"><\/div><div class=\"w-text us_custom_e28183d5 icon_atleft\"><span class=\"w-text-h\"><i class=\"fas fa-clock\"><\/i><span class=\"w-text-value\">Monday \u2013 Friday 9:00-17:00<\/span><\/span><\/div><div class=\"w-separator size_medium\"><\/div><div class=\"wpb_text_column us_custom_e28183d5\"><div class=\"wpb_wrapper\"><h4 class=\"gdlr-widget-title\">Social media<\/h4>\n<\/div><\/div><div class=\"w-separator size_custom\" style=\"height:0.7em\"><\/div><div class=\"w-socials us_custom_e28183d5 color_text shape_square style_default hover_fade\" style=\"--gap:0.1em;\"><div class=\"w-socials-list\"><div class=\"w-socials-item facebook\"><a href=\"https:\/\/www.facebook.com\/DeveloperDays\/\" class=\"w-socials-item-link\" title=\"Facebook\" aria-label=\"Facebook\"><span class=\"w-socials-item-link-hover\"><\/span><i class=\"fab fa-facebook\"><\/i><\/a><div class=\"w-socials-item-popup\"><span>Facebook<\/span><\/div><\/div><div class=\"w-socials-item twitter\"><a href=\"https:\/\/twitter.com\/developerdayspl\" class=\"w-socials-item-link\" title=\"Twitter\" aria-label=\"Twitter\"><span class=\"w-socials-item-link-hover\"><\/span><i class=\"fab fa-x-twitter\"><svg style=\"width:1em; margin-bottom:-.1em;\" xmlns=\"http:\/\/www.w3.org\/2000\/svg\" viewBox=\"0 0 512 512\"><path fill=\"currentColor\" d=\"M389.2 48h70.6L305.6 224.2 487 464H345L233.7 318.6 106.5 464H35.8L200.7 275.5 26.8 48H172.4L272.9 180.9 389.2 48zM364.4 421.8h39.1L151.1 88h-42L364.4 421.8z\"\/><\/svg><\/i><\/a><div class=\"w-socials-item-popup\"><span>Twitter<\/span><\/div><\/div><div class=\"w-socials-item linkedin\"><a href=\"https:\/\/pl.linkedin.com\/company\/-net-developer-days\" class=\"w-socials-item-link\" title=\"LinkedIn\" aria-label=\"LinkedIn\"><span class=\"w-socials-item-link-hover\"><\/span><i class=\"fab fa-linkedin\"><\/i><\/a><div class=\"w-socials-item-popup\"><span>LinkedIn<\/span><\/div><\/div><\/div><\/div><\/div><\/div><\/div><\/div><\/section><section class=\"l-section wpb_row height_auto width_full color_primary\"><div class=\"l-section-h i-cf\"><div class=\"g-cols vc_row via_grid cols_1 laptops-cols_inherit tablets-cols_1 mobiles-cols_1 valign_middle type_default reversed stacking_default\" style=\"--gap:0rem;\"><div class=\"wpb_column vc_column_container\"><div class=\"vc_column-inner\"><div class=\"w-map provider_osm us_custom_10e8b906\" id=\"us_map_1\"><div class=\"w-map-inner\"><div class=\"w-map-json\" onclick='return {&quot;address&quot;:&quot;52.4734211,13.4589572&quot;,&quot;disableDragging&quot;:1,&quot;disableZoom&quot;:1,&quot;hideControls&quot;:0,&quot;zoom&quot;:12,&quot;markers&quot;:[{&quot;address&quot;:&quot;52.4734211,13.4589572&quot;,&quot;html&quot;:&quot;&lt;h4 style = \\&quot;text-align:center;\\&quot;&gt;\\n\\tEvent Venue\\n&lt;\\\/h4&gt;&lt;p style = \\&quot;text-align:center;\\&quot;&gt;ECC Berlin (Estrel Congress Center)&lt;\\\/p&gt;&quot;,&quot;infowindow&quot;:&quot;1&quot;}],&quot;style&quot;:&quot;https:\\\/\\\/{s}.basemaps.cartocdn.com\\\/light_all\\\/{z}\\\/{x}\\\/{y}{r}.png&quot;}'><\/div><\/div><\/div><\/div><\/div><\/div><\/div><\/section><section class=\"l-section wpb_row height_large\"><div class=\"l-section-h i-cf\"><div class=\"g-cols vc_row via_grid cols_1 laptops-cols_inherit tablets-cols_inherit mobiles-cols_1 valign_top type_default stacking_default\"><div class=\"wpb_column vc_column_container\"><div class=\"vc_column-inner\"><div class=\"wpb_text_column\"><div class=\"wpb_wrapper\"><h5 class=\"w-text usb_custom_ei7738rzq\" style=\"text-align: center;\" data-><span class=\"w-text-h\"><span class=\"w-text-value\">Event Oragnizer<\/span><\/span><\/h5>\n<\/div><\/div><div class=\"w-separator size_small\"><\/div><div class=\"wpb_text_column\"><div class=\"wpb_wrapper\"><p style=\"text-align: center;\"><strong>DATA MASTER<\/strong>\u00a0is a company with\u00a0<strong>many years of experience in organizing the conferences for the IT<\/strong>\u00a0industry in Poland, including the DeveloperDays series:\u00a0<a href=\"https:\/\/2023.net.developerdays.pl\/\"><strong>.NET DeveloperDays Warsaw<\/strong><\/a>,\u00a0<a href=\"http:\/\/cloud.developerdays.pl\/\"><strong>Cloud DeveloperDays<\/strong><\/a>,\u00a0<a href=\"http:\/\/join-conference.com\/\"><strong>JOIN! \u2013 the database conference<\/strong><\/a>\u00a0and new\u00a0<a href=\"https:\/\/developerdays.eu\/berlin\"><strong>.NET DeveloperDays Berlin<\/strong><\/a><\/p>\n<\/div><\/div><div class=\"w-separator size_small\"><\/div><div class=\"wpb_text_column\"><div class=\"wpb_wrapper\"><p><img loading=\"lazy\" decoding=\"async\" class=\"size-full wp-image-318 aligncenter\" src=\"http:\/\/developerdays.eu\/berlin\/wp-content\/uploads\/2024\/01\/logo_white_text.png\" alt=\"\" width=\"230\" height=\"60\" \/><\/p>\n<\/div><\/div><div class=\"w-separator size_small\"><\/div><div class=\"wpb_text_column\"><div class=\"wpb_wrapper\"><p style=\"text-align: center;\"><strong>DATA MASTER SP. Z O.O.<\/strong><br \/>ul. Powsta\u0144c\u00f3w \u015al\u0105skich 2-4<br \/>53-333 Wroc\u0142aw, Poland<br \/>VAT Number: 8971789230<\/p>\n<\/div><\/div><\/div><\/div><\/div><\/div><\/section>\n","protected":false},"excerpt":{"rendered":"","protected":false},"author":1,"featured_media":0,"parent":0,"menu_order":0,"comment_status":"closed","ping_status":"closed","template":"","meta":{"footnotes":""},"class_list":["post-236","page","type-page","status-publish","hentry"],"aioseo_notices":[],"_links":{"self":[{"href":"https:\/\/developerdays.eu\/berlin\/wp-json\/wp\/v2\/pages\/236","targetHints":{"allow":["GET"]}}],"collection":[{"href":"https:\/\/developerdays.eu\/berlin\/wp-json\/wp\/v2\/pages"}],"about":[{"href":"https:\/\/developerdays.eu\/berlin\/wp-json\/wp\/v2\/types\/page"}],"author":[{"embeddable":true,"href":"https:\/\/developerdays.eu\/berlin\/wp-json\/wp\/v2\/users\/1"}],"replies":[{"embeddable":true,"href":"https:\/\/developerdays.eu\/berlin\/wp-json\/wp\/v2\/comments?post=236"}],"version-history":[{"count":11,"href":"https:\/\/developerdays.eu\/berlin\/wp-json\/wp\/v2\/pages\/236\/revisions"}],"predecessor-version":[{"id":387,"href":"https:\/\/developerdays.eu\/berlin\/wp-json\/wp\/v2\/pages\/236\/revisions\/387"}],"wp:attachment":[{"href":"https:\/\/developerdays.eu\/berlin\/wp-json\/wp\/v2\/media?parent=236"}],"curies":[{"name":"wp","href":"https:\/\/api.w.org\/{rel}","templated":true}]}}